{"id":523,"date":"2021-02-18T08:53:29","date_gmt":"2021-02-18T08:53:29","guid":{"rendered":"https:\/\/www.nowa-edu.us.edu.pl\/interreg\/?page_id=523"},"modified":"2021-02-18T09:18:15","modified_gmt":"2021-02-18T09:18:15","slug":"vyhlasenie-o-pristupnosti","status":"publish","type":"page","link":"https:\/\/www.nowa-edu.us.edu.pl\/interreg\/sk\/vyhlasenie-o-pristupnosti\/","title":{"rendered":"Vyhl\u00e1senie o pr\u00edstupnosti"},"content":{"rendered":"<div id=\"a11y-wstep\">\n<h2 style=\"text-align: left;\">Projekt Interreg<\/h2>\n<p>zav\u00e4zuje sa zabezpe\u010di\u0165 dostupnos\u0165 webovej str\u00e1nky v s\u00falade s ustanoveniami z\u00e1kona zo 4. apr\u00edla 2019. o digit\u00e1lna dostupnos\u0165 webov\u00fdch str\u00e1nok a mobiln\u00fdch aplik\u00e1ci\u00ed verejn\u00fdch subjektov. Vyhl\u00e1senie d\u0148a pr\u00edstupnos\u0165 sa vz\u0165ahuje na webov\u00fa str\u00e1nku<\/p>\n<div id=\"a11y-url\"><a href=\"https:\/\/www.nowa-edu.us.edu.pl\/interreg\/\">https:\/\/www.nowa-edu.us.edu.pl\/interreg\/<\/a><\/div>\n<div id=\"a11y-data-publikacja-wrapper\">\n<p>D\u00e1tum uverejnenia webovej str\u00e1nky: [d\u00e1tum].<br \/>\nD\u00e1tum poslednej v\u00fdznamnej aktualiz\u00e1cie: [d\u00e1tum]<br \/>\nWebov\u00e9 str\u00e1nky s\u00fa v s\u00falade so z\u00e1konom zo 4. apr\u00edla 2019 o digit\u00e1lnej pr\u00edstupnosti webov\u00fdch str\u00e1nok webov\u00e9 a mobiln\u00e9 aplik\u00e1cie verejn\u00fdch subjektov.<br \/>\nVyhl\u00e1senie bolo uroben\u00e9 d\u0148a: Febru\u00e1r 2021, 2008.<\/p>\n<p>Deklar\u00e1cia bola pripraven\u00e1 na z\u00e1klade prieskumu, ktor\u00fd uskuto\u010dnil extern\u00fd subjekt: HyperView Sp. z o.o.<\/p>\n<\/div>\n<\/div>\n<h2>Sp\u00e4tn\u00e1 v\u00e4zba a kontaktn\u00e9 \u00fadaje<\/h2>\n<div id=\"a11y-procedura\">\n<p>V pr\u00edpade probl\u00e9mov s dostupnos\u0165ou webovej str\u00e1nky n\u00e1s kontaktujte. Kontaktnou osobou je Beata W\u00f3zkowicz-\u015al\u0119zak. M\u00f4\u017eete n\u00e1s tie\u017e kontaktova\u0165 na telef\u00f3nnom \u010d\u00edsle 0048 32 36 89 515. Rovnak\u00fdm sp\u00f4sobom m\u00f4\u017eete odosiela\u0165 \u017eiadosti o spr\u00edstupnenie nedostupn\u00fdch inform\u00e1ci\u00ed a odosiela\u0165 \u017eiadosti zabezpe\u010denie pr\u00edstupnosti.<\/p>\n<p>Ka\u017ed\u00fd m\u00e1 pr\u00e1vo po\u017eadova\u0165 digit\u00e1lnu dostupnos\u0165 webov\u00fdch str\u00e1nok, mobiln\u00fdch aplik\u00e1ci\u00ed alebo nejak\u00fd ich prvok. M\u00f4\u017eete tie\u017e po\u017eiada\u0165 o zdie\u013eanie inform\u00e1ci\u00ed pomocou alternat\u00edvnej pr\u00edstupovej met\u00f3dy, na napr\u00edklad \u010d\u00edtan\u00edm digit\u00e1lne nedostupn\u00e9ho dokumentu, popisom obsahu filmu bez zvukov\u00e9ho popisu at\u010f. \u017diados\u0165 by mala obsahova\u0165 \u00fadaje o osobe, ktor\u00e1 \u017eiados\u0165 pod\u00e1va, s uveden\u00edm, ktor\u00e1 webov\u00e1 str\u00e1nka alebo aplik\u00e1cia mobiln\u00fd je to o a sp\u00f4sobe kontaktu. Ak \u017eiadaj\u00faca osoba nahl\u00e1si potrebu prija\u0165 inform\u00e1cie prostredn\u00edctvom alternat\u00edvny sp\u00f4sob pr\u00edstupu, by tie\u017e mala ur\u010di\u0165 pohodln\u00fd sp\u00f4sob, ako tieto inform\u00e1cie poskytn\u00fa\u0165. Verejn\u00fd subjekt by mal vyhovie\u0165 \u017eiadosti okam\u017eite, najnesk\u00f4r do 7 dn\u00ed od d\u00e1tumu odst\u00fapenia od va\u0161a \u017eiados\u0165. Ak tento term\u00edn nie je mo\u017en\u00e9 dodr\u017ea\u0165, verejnopr\u00e1vny subjekt o tom bezodkladne informuje osoba, ktor\u00e1 pod\u00e1va \u017eiados\u0165, ke\u010f bude mo\u017en\u00e9 splnenie \u00falohy, a kone\u010dn\u00fd term\u00edn nesmie by\u0165 dlh\u0161\u00ed ako 2 mesiacov od d\u00e1tumu \u017eiadosti. Ak digit\u00e1lna dostupnos\u0165 nie je mo\u017en\u00e1, verejn\u00fd subjekt m\u00f4\u017ee navrhn\u00fa\u0165 alternat\u00edvny sp\u00f4sob pr\u00edstupu k inform\u00e1ci\u00e1m. V pr\u00edpade, \u017ee verejn\u00fd subjekt odmietne realiz\u00e1ciu za \u00falohu zabezpe\u010di\u0165 dostupnos\u0165 alebo alternat\u00edvny sp\u00f4sob pr\u00edstupu k inform\u00e1ci\u00e1m mo\u017eno po\u017eaduj\u00facu osobu predlo\u017ei\u0165 s\u0165a\u017enos\u0165 na digit\u00e1lnu dostupnos\u0165 webu, mobilnej aplik\u00e1cie alebo prvku str\u00e1nky webov\u00e1 alebo mobiln\u00e1 aplik\u00e1cia. Po vy\u010derpan\u00ed vy\u0161\u0161ie uveden\u00e9ho postupu m\u00f4\u017eete poda\u0165 \u017eiados\u0165 aj ombudsmanovi.<\/p>\n<\/div>\n<h4>Kontakt<\/h4>\n<div id=\"a11y-kontakt\">adresa:<br \/>\nSliezska univerzita,<br \/>\nPr\u00edrodn\u00e9 vedy,<br \/>\nVedy o Zemi,<br \/>\nB\u0119dzi\u0144ska 60, 41-200 Sosnowiec<br \/>\ne-mail: beata.woskowicz-\u015bl\u0119zak@us.edu.pl<br \/>\ntel: 0048 32 36 89 515<\/div>\n<h2>Architektonick\u00e1 dostupnos\u0165<\/h2>\n<div id=\"a11y-architektura\">Sliezska univerzita,<br \/>\nPr\u00edrodn\u00e9 vedy,<br \/>\nVedy o Zemi,<br \/>\nB\u0119dzi\u0144ska 60, 41-200 Sosnowiec<br \/>\n<strong>Tel. 0048 32 36 89 515<\/p>\n<p><\/strong><strong>Dostupnos\u0165 vstupu do budovy a prechodu cez riaden\u00e9 oblasti<\/strong>Na fakulte m\u00e1me dva vchody do zariaden\u00ed &#8211; jeden do budovy v\u00fdu\u010dby a druh\u00fd do budovy predn\u00e1\u0161ok. Oba vstupy s\u00fa<br \/>\nvybaven\u00e9 automatick\u00fdmi posuvn\u00fdmi dverami &#8211; aktivuje sa pohybov\u00fdm senzorom. Pri ka\u017edom z vchodov je bezpe\u010dnostn\u00e1 po\u0161ta. Priamo pri vchodoch s\u00fa rampy s rampami pre hendikepovan\u00fdch. Rampy s\u00fa vybaven\u00e9 podestami a ochrann\u00fdmi z\u00e1bradliami.Povrchy ramp s\u00fa kalen\u00e9, bez prahov br\u00e1nenie vstupu.<\/p>\n<p><strong>Pr\u00edstupnos\u0165 chodieb, schodov a v\u00fd\u0165ahov<\/strong><\/p>\n<p>Fakulta m\u00e1 verejne pr\u00edstupn\u00e9 schody a chodby \u0161irok\u00e9 viac ako 140 cm. V objekte s\u00fa 3 osoby v\u00fd\u0165ahy prisp\u00f4soben\u00e9 potreb\u00e1m zdravotne postihnut\u00fdch os\u00f4b s automatick\u00fdm otv\u00e1ran\u00edm dver\u00ed.Rampa k v\u00fd\u0165ahom z haly chodby presahuj\u00fa 10 m2. S bezpe\u010dnostnou po\u0161tou je mo\u017en\u00e9 komunikova\u0165.<\/p>\n<p><strong>Typy \u00faprav vo vn\u00fatri budovy\u00a0<\/strong><\/p>\n<p>Na toalet\u00e1ch pre zdravotne postihnut\u00fdch s\u00fa str\u00e1nkovacie syst\u00e9my \u201eKALER\u201c spojen\u00e9 s bezpe\u010dnostn\u00fdmi st\u013apmi.<\/p>\n<p><strong>Parkovacie miesta ur\u010den\u00e9 pre zdravotne postihnut\u00e9 osoby a sp\u00f4sob ich pou\u017e\u00edvania<\/strong><\/p>\n<p>Na vonkaj\u0161ej strane fakulty s\u00fa 2 verejn\u00e9 (bezplatn\u00e9) parkovacie miesta pre \u013eud\u00ed postihnut\u00fd. St\u00e1nky s\u00fa ozna\u010den\u00e9 vodorovn\u00fdmi a zvisl\u00fdmi zna\u010dkami. Pr\u00edstup na vy\u0161\u0161ie uveden\u00e9 miesta z ulice B\u0119dzi\u0144ska a z ulice Lwowska.<\/p>\n<p><strong>Vstup s asisten\u010dn\u00fdm psom<\/strong><\/p>\n<p>Upozor\u0148ujeme, \u017ee do budovy m\u00f4\u017eete vst\u00fapi\u0165 s asisten\u010dn\u00fdm psom a vodiacim psom.<\/p>\n<p><strong>Tlmo\u010dn\u00edk do posunkov\u00e9ho jazyka\u00a0<\/strong><\/p>\n<p>V budove nie je tlmo\u010dn\u00edk do posunkovej re\u010di ani tlmo\u010dn\u00edcka slu\u017eba online. Potreba kontaktova\u0165 tlmo\u010dn\u00edka posunkovej re\u010di by mala by\u0165 nahl\u00e1sen\u00e1 najmenej 3 dni pred pl\u00e1novanou n\u00e1v\u0161tevou.<\/p>\n<\/div>\n<h2>Kompatibilita<\/h2>\n<div id=\"a11y-aplikacje\">Web je plne rozpoznate\u013en\u00fd pod\u013ea programov na \u010d\u00edtanie pre nevidiacich, ako s\u00fa napr<br \/>\nWindow-Eyes, JAWS alebo NVDA.<br \/>\nPln\u00e1 servisn\u00e1 podpora je mo\u017en\u00e1 pomocou kl\u00e1vesnice aj my\u0161i<\/p>\n<h2>Naviga\u010dn\u00e1 pomoc<\/h2>\n<p>V pr\u00edpade ak\u00fdchko\u013evek probl\u00e9mov s navig\u00e1ciou odpor\u00fa\u010dame nasleduj\u00face kombin\u00e1cie kl\u00e1vesov:<br \/>\n\u2022 CTRL + F5 &#8211; op\u00e4tovn\u00e9 na\u010d\u00edtanie obsahu str\u00e1nky.<br \/>\nWebov\u00e1 str\u00e1nka je prisp\u00f4soben\u00e1 na ovl\u00e1danie pomocou my\u0161i aj kl\u00e1vesnice, a to pomocou nasleduj\u00facich kl\u00e1vesov:<br \/>\n\u2022 TAB &#8211; prechod na nasleduj\u00faci klikate\u013en\u00fd prvok,<br \/>\n\u2022 SHIFT + TAB &#8211; prechod na predch\u00e1dzaj\u00facu polo\u017eku, na ktor\u00fa je mo\u017en\u00e9 klikn\u00fa\u0165,<br \/>\n\u2022 ENTER &#8211; vykon\u00e1 predvolen\u00fa akciu, zvy\u010dajne stla\u010dte tla\u010didlo OK,<br \/>\n\u2022 SPACE &#8211; prechod na nasleduj\u00facu \u010das\u0165 str\u00e1nky,<br \/>\n\u2022 \u2190 \u2191 \u2192 \u2193 &#8211; rolovanie vidite\u013enej \u010dasti str\u00e1nky.<\/p>\n<h2>Pr\u00edstupnos\u0165 &#8211; zme\u0148te ve\u013ekos\u0165 str\u00e1nky<\/h2>\n<p>Grafick\u00e9 webov\u00e9 preh\u013ead\u00e1va\u010de umo\u017e\u0148uj\u00fa zv\u00e4\u010d\u0161i\u0165 alebo zmen\u0161i\u0165 zobrazenie zobrazenej str\u00e1nky. To<br \/>\nAk chcete zv\u00e4\u010d\u0161i\u0165 text, vyberte pr\u00edslu\u0161n\u00fa kombin\u00e1ciu kl\u00e1vesov:<br \/>\nFirefox, Chrome, Internet Explorer, Opera:<br \/>\n\u2022 [CTRL] a [+] na zv\u00e4\u010d\u0161enie zobrazenia,<br \/>\n\u2022 [CTRL] a [-] oddialite.<\/p>\n<\/div>\n","protected":false},"excerpt":{"rendered":"<p>Projekt Interreg zav\u00e4zuje sa zabezpe\u010di\u0165 dostupnos\u0165 webovej str\u00e1nky v s\u00falade s ustanoveniami z\u00e1kona zo 4. apr\u00edla 2019. o digit\u00e1lna dostupnos\u0165 webov\u00fdch str\u00e1nok a mobiln\u00fdch aplik\u00e1ci\u00ed verejn\u00fdch subjektov. Vyhl\u00e1senie d\u0148a pr\u00edstupnos\u0165 sa vz\u0165ahuje na webov\u00fa str\u00e1nku https:\/\/www.nowa-edu.us.edu.pl\/interreg\/ D\u00e1tum uverejnenia webovej str\u00e1nky: [d\u00e1tum]. D\u00e1tum poslednej v\u00fdznamnej aktualiz\u00e1cie: [d\u00e1tum] Webov\u00e9 str\u00e1nky s\u00fa v s\u00falade so z\u00e1konom zo 4. [&hellip;]<\/p>\n","protected":false},"author":2,"featured_media":0,"parent":0,"menu_order":0,"comment_status":"closed","ping_status":"closed","template":"","meta":{"footnotes":""},"acf":[],"_links":{"self":[{"href":"https:\/\/www.nowa-edu.us.edu.pl\/interreg\/wp-json\/wp\/v2\/pages\/523"}],"collection":[{"href":"https:\/\/www.nowa-edu.us.edu.pl\/interreg\/wp-json\/wp\/v2\/pages"}],"about":[{"href":"https:\/\/www.nowa-edu.us.edu.pl\/interreg\/wp-json\/wp\/v2\/types\/page"}],"author":[{"embeddable":true,"href":"https:\/\/www.nowa-edu.us.edu.pl\/interreg\/wp-json\/wp\/v2\/users\/2"}],"replies":[{"embeddable":true,"href":"https:\/\/www.nowa-edu.us.edu.pl\/interreg\/wp-json\/wp\/v2\/comments?post=523"}],"version-history":[{"count":3,"href":"https:\/\/www.nowa-edu.us.edu.pl\/interreg\/wp-json\/wp\/v2\/pages\/523\/revisions"}],"predecessor-version":[{"id":531,"href":"https:\/\/www.nowa-edu.us.edu.pl\/interreg\/wp-json\/wp\/v2\/pages\/523\/revisions\/531"}],"wp:attachment":[{"href":"https:\/\/www.nowa-edu.us.edu.pl\/interreg\/wp-json\/wp\/v2\/media?parent=523"}],"curies":[{"name":"wp","href":"https:\/\/api.w.org\/{rel}","templated":true}]}}