{"id":518,"date":"2021-02-18T07:58:04","date_gmt":"2021-02-18T07:58:04","guid":{"rendered":"https:\/\/www.nowa-edu.us.edu.pl\/interreg\/?page_id=518"},"modified":"2021-02-18T07:58:04","modified_gmt":"2021-02-18T07:58:04","slug":"zasady-ochrany-osobnych-udajov","status":"publish","type":"page","link":"https:\/\/www.nowa-edu.us.edu.pl\/interreg\/sk\/zasady-ochrany-osobnych-udajov\/","title":{"rendered":"Z\u00e1sady ochrany osobn\u00fdch \u00fadajov"},"content":{"rendered":"\r\n<h2 class=\"wp-block-heading\">Kto sme?<\/h2>\r\n\r\n\r\n\r\n\r\nNa\u0161a webov\u00e1 adresa je: https:\/\/www.nowa-edu.us.edu.pl\/interreg.\r\n\r\n\r\n\r\n\r\n<h2 class=\"wp-block-heading\">Ak\u00e9 osobn\u00e9 \u00fadaje zhroma\u017e\u010fujeme a pre\u010do ich zhroma\u017e\u010fujeme<\/h2>\r\n\r\n\r\n\r\n<h3 class=\"wp-block-heading\">Pripomienky<\/h3>\r\n\r\n\r\n\r\n\r\nKe\u010f n\u00e1v\u0161tevn\u00edci nechaj\u00fa na webe koment\u00e1re, zhroma\u017e\u010fujeme \u00fadaje zobrazen\u00e9 vo formul\u00e1ri pre koment\u00e1re, ako aj adresu IP n\u00e1v\u0161tevn\u00edka a re\u0165azec pou\u017e\u00edvate\u013esk\u00e9ho agenta prehliada\u010da, aby sme u\u013eah\u010dili detekciu spamu.\r\n\r\n\r\n\r\n\r\n\r\nAnonymizovan\u00fd re\u0165azec vytvoren\u00fd z va\u0161ej e-mailovej adresy (tie\u017e ozna\u010dovanej ako hash) m\u00f4\u017ee by\u0165 odoslan\u00fd do slu\u017eby Gravatar, aby sa zistilo, \u010di ju pou\u017e\u00edvate. Pravidl\u00e1 ochrany osobn\u00fdch \u00fadajov slu\u017eby Gravatar s\u00fa k dispoz\u00edcii tu: https:\/\/automattic.com\/privacy\/. Po schv\u00e1len\u00ed v\u00e1\u0161ho koment\u00e1ra je v\u00e1\u0161 profilov\u00fd obr\u00e1zok vidite\u013en\u00fd pre verejnos\u0165 v kontexte v\u00e1\u0161ho koment\u00e1ra.\r\n\r\n\r\n\r\n\r\n<h3 class=\"wp-block-heading\">M\u00e9di\u00e1<\/h3>\r\n\r\n\r\n\r\n\r\nAk nahr\u00e1vate obr\u00e1zky na web, mali by ste sa vyhn\u00fa\u0165 nahr\u00e1vaniu fotografi\u00ed s vlo\u017een\u00fdmi \u00fadajmi o polohe (EXIF GPS). N\u00e1v\u0161tevn\u00edci webu si m\u00f4\u017eu stiahnu\u0165 a pre\u010d\u00edta\u0165 ak\u00e9ko\u013evek \u00fadaje o polohe z obr\u00e1zkov na webe.\r\n\r\n\r\n\r\n\r\n<h3 class=\"wp-block-heading\">Kontaktn\u00e9 formul\u00e1re<\/h3>\r\n\r\n\r\n\r\n<h3 class=\"wp-block-heading\">Cookies<\/h3>\r\n\r\n\r\n\r\n\r\nAk zanech\u00e1te koment\u00e1r na na\u0161ej str\u00e1nke, m\u00f4\u017eete s\u00fahlasi\u0165 s ukladan\u00edm v\u00e1\u0161ho mena, e-mailovej adresy a webovej str\u00e1nky do s\u00faborov cookie. Sl\u00fa\u017eia pre va\u0161e pohodlie, aby ste pri zanech\u00e1van\u00ed in\u00e9ho koment\u00e1ra nemuseli znova zad\u00e1va\u0165 svoje \u00fadaje. Tieto s\u00fabory cookie bud\u00fa trva\u0165 jeden rok.\r\n\r\n\r\n\r\n\r\n\r\nPri prihl\u00e1sen\u00ed tie\u017e nastav\u00edme nieko\u013eko cookies, aby sme ulo\u017eili va\u0161e prihlasovacie \u00fadaje a mo\u017enosti zobrazenia obrazovky. Prihlasovacie s\u00fabory cookie trvaj\u00fa dva dni a s\u00fabory cookie na obrazovke zobrazuj\u00fa rok. Ak zvol\u00edte mo\u017enos\u0165 \u201eZapam\u00e4ta\u0165 si ma\u201c, va\u0161e prihlasovacie \u00fadaje bud\u00fa platn\u00e9 dva t\u00fd\u017edne. Ak sa odhl\u00e1site zo svojho \u00fa\u010dtu, prihlasovacie cookies sa vyma\u017e\u00fa.\r\n\r\n\r\n\r\n\r\n\r\nAk nav\u0161t\u00edvite na\u0161u prihlasovaciu str\u00e1nku, nastav\u00edme do\u010dasn\u00fd s\u00fabor cookie, aby sme zistili, \u010di v\u00e1\u0161 prehliada\u010d prij\u00edma s\u00fabory cookie. Tento s\u00fabor cookie neobsahuje \u017eiadne osobn\u00e9 inform\u00e1cie a po zatvoren\u00ed prehliada\u010da bude odstr\u00e1nen\u00fd.\r\n\r\n\r\n\r\n\r\n\r\nAk uprav\u00edte alebo zverejn\u00edte \u010dl\u00e1nok, vo va\u0161om prehliada\u010di sa ulo\u017e\u00ed \u010fal\u0161\u00ed s\u00fabor cookie. Tento s\u00fabor cookie neobsahuje \u017eiadne osobn\u00e9 inform\u00e1cie a jednoducho ozna\u010duje ID pr\u00edspevku \u010dl\u00e1nku, ktor\u00fd ste pr\u00e1ve upravili. Platnos\u0165 vypr\u0161\u00ed po 1 dni.\r\n\r\n\r\n\r\n\r\n<h3 class=\"wp-block-heading\">Vlo\u017een\u00fd obsah z in\u00fdch webov\u00fdch str\u00e1nok<\/h3>\r\n\r\n\r\n\r\n\r\n\u010cl\u00e1nky na tomto webe m\u00f4\u017eu obsahova\u0165 vlo\u017een\u00fd obsah (napr. Filmy, obr\u00e1zky, \u010dl\u00e1nky at\u010f.). Vlo\u017een\u00fd obsah z in\u00fdch webov\u00fdch str\u00e1nok sa chov\u00e1 \u00faplne rovnako, ako keby pou\u017e\u00edvate\u013e nav\u0161t\u00edvil in\u00fd web.\r\n\r\n\r\n\r\n\r\n\r\nTieto str\u00e1nky m\u00f4\u017eu zhroma\u017e\u010fova\u0165 \u00fadaje o v\u00e1s, pou\u017e\u00edva\u0165 s\u00fabory cookie, vlo\u017ei\u0165 \u010fal\u0161ie sledovanie tret\u00edch str\u00e1n a monitorova\u0165 va\u0161u interakciu s vlo\u017een\u00fdm obsahom, vr\u00e1tane sledovania va\u0161ej interakcie s vlo\u017een\u00fdm obsahom, ak m\u00e1te \u00fa\u010det a ste prihl\u00e1sen\u00ed na danom webe.\r\n\r\n\r\n\r\n\r\n<h3 class=\"wp-block-heading\">Analytika<\/h3>\r\n\r\n\r\n\r\n<h2 class=\"wp-block-heading\">S k\u00fdm zdie\u013eame va\u0161e \u00fadaje<\/h2>\r\n\r\n\r\n\r\n\r\nAk po\u017eadujete obnovenie hesla, va\u0161a adresa IP bude uveden\u00e1 v e-maile na obnovenie hesla.\r\n\r\n\r\n\r\n\r\n<h2 class=\"wp-block-heading\">Ako dlho uchov\u00e1vame va\u0161e \u00fadaje<\/h2>\r\n\r\n\r\n\r\n\r\nAk zanech\u00e1te koment\u00e1r, koment\u00e1r a jeho metad\u00e1ta sa zachovaj\u00fa na neur\u010dito. To n\u00e1m umo\u017e\u0148uje automaticky rozpozn\u00e1va\u0165 a schva\u013eova\u0165 ak\u00e9ko\u013evek \u010fal\u0161ie koment\u00e1re, namiesto toho, aby sme ich udr\u017eiavali v porad\u00ed na moderovanie.\r\n\r\n\r\n\r\n\r\n\r\nPre pou\u017e\u00edvate\u013eov, ktor\u00ed sa zaregistruj\u00fa na na\u0161om webe (ak existuj\u00fa), tie\u017e uklad\u00e1me osobn\u00e9 inform\u00e1cie, ktor\u00e9 poskytuj\u00fa, v ich u\u017e\u00edvate\u013eskom profile. V\u0161etci pou\u017e\u00edvatelia m\u00f4\u017eu kedyko\u013evek zobrazi\u0165, upravi\u0165 alebo odstr\u00e1ni\u0165 svoje osobn\u00e9 inform\u00e1cie (okrem pr\u00edpadov, ke\u010f si nem\u00f4\u017eu zmeni\u0165 svoje pou\u017e\u00edvate\u013esk\u00e9 meno). Tieto inform\u00e1cie m\u00f4\u017eu zobrazi\u0165 a upravova\u0165 aj spr\u00e1vcovia str\u00e1nok.\r\n\r\n\r\n\r\n\r\n<h2 class=\"wp-block-heading\">Ak\u00e9 m\u00e1te pr\u00e1va na svoje \u00fadaje<\/h2>\r\n\r\n\r\n\r\n\r\nAk m\u00e1te \u00fa\u010det na tejto str\u00e1nke alebo ste zanechali koment\u00e1re, m\u00f4\u017eete po\u017eiada\u0165 o zaslanie exportovan\u00e9ho s\u00faboru s osobn\u00fdmi \u00fadajmi, ktor\u00e9 o v\u00e1s vedieme, vr\u00e1tane v\u0161etk\u00fdch \u00fadajov, ktor\u00e9 ste n\u00e1m poskytli. M\u00f4\u017eete tie\u017e po\u017eiada\u0165, aby sme vymazali v\u0161etky va\u0161e osobn\u00e9 \u00fadaje, ktor\u00e9 o v\u00e1s vedieme. To nezah\u0155\u0148a \u017eiadne \u00fadaje, ktor\u00e9 sme povinn\u00ed uchov\u00e1va\u0165 z administrat\u00edvnych, pr\u00e1vnych alebo bezpe\u010dnostn\u00fdch d\u00f4vodov.\r\n\r\n\r\n\r\n\r\n<h2 class=\"wp-block-heading\">Kam posielame va\u0161e \u00fadaje<\/h2>\r\n\r\n\r\n\r\n\r\nKoment\u00e1re n\u00e1v\u0161tevn\u00edkov mo\u017eno skontrolova\u0165 prostredn\u00edctvom automatizovanej slu\u017eby detekcie spamu.\r\n\r\n\r\n\r\n\r\n<h2 class=\"wp-block-heading\">Va\u0161e kontaktn\u00e9 inform\u00e1cie<\/h2>\r\n\r\n\r\n\r\n\r\nSliezska univerzita\r\n\r\nFakulta pr\u00edrodn\u00fdch vied \u00dastav geovied\r\n\r\nul. B\u0119dzi\u0144ska 60, 41-200 Sosnowiec","protected":false},"excerpt":{"rendered":"<p>Kto sme? Na\u0161a webov\u00e1 adresa je: https:\/\/www.nowa-edu.us.edu.pl\/interreg. Ak\u00e9 osobn\u00e9 \u00fadaje zhroma\u017e\u010fujeme a pre\u010do ich zhroma\u017e\u010fujeme Pripomienky Ke\u010f n\u00e1v\u0161tevn\u00edci nechaj\u00fa na webe koment\u00e1re, zhroma\u017e\u010fujeme \u00fadaje zobrazen\u00e9 vo formul\u00e1ri pre koment\u00e1re, ako aj adresu IP n\u00e1v\u0161tevn\u00edka a re\u0165azec pou\u017e\u00edvate\u013esk\u00e9ho agenta prehliada\u010da, aby sme u\u013eah\u010dili detekciu spamu. Anonymizovan\u00fd re\u0165azec vytvoren\u00fd z va\u0161ej e-mailovej adresy (tie\u017e ozna\u010dovanej ako hash) [&hellip;]<\/p>\n","protected":false},"author":2,"featured_media":0,"parent":0,"menu_order":0,"comment_status":"closed","ping_status":"closed","template":"","meta":{"footnotes":""},"acf":[],"_links":{"self":[{"href":"https:\/\/www.nowa-edu.us.edu.pl\/interreg\/wp-json\/wp\/v2\/pages\/518"}],"collection":[{"href":"https:\/\/www.nowa-edu.us.edu.pl\/interreg\/wp-json\/wp\/v2\/pages"}],"about":[{"href":"https:\/\/www.nowa-edu.us.edu.pl\/interreg\/wp-json\/wp\/v2\/types\/page"}],"author":[{"embeddable":true,"href":"https:\/\/www.nowa-edu.us.edu.pl\/interreg\/wp-json\/wp\/v2\/users\/2"}],"replies":[{"embeddable":true,"href":"https:\/\/www.nowa-edu.us.edu.pl\/interreg\/wp-json\/wp\/v2\/comments?post=518"}],"version-history":[{"count":1,"href":"https:\/\/www.nowa-edu.us.edu.pl\/interreg\/wp-json\/wp\/v2\/pages\/518\/revisions"}],"predecessor-version":[{"id":520,"href":"https:\/\/www.nowa-edu.us.edu.pl\/interreg\/wp-json\/wp\/v2\/pages\/518\/revisions\/520"}],"wp:attachment":[{"href":"https:\/\/www.nowa-edu.us.edu.pl\/interreg\/wp-json\/wp\/v2\/media?parent=518"}],"curies":[{"name":"wp","href":"https:\/\/api.w.org\/{rel}","templated":true}]}}