{"id":44,"date":"2021-01-21T09:11:25","date_gmt":"2021-01-21T09:11:25","guid":{"rendered":"https:\/\/www.nowa-edu.us.edu.pl\/interreg\/?page_id=44"},"modified":"2021-02-18T09:00:25","modified_gmt":"2021-02-18T09:00:25","slug":"deklaracja-dostepnosci","status":"publish","type":"page","link":"https:\/\/www.nowa-edu.us.edu.pl\/interreg\/deklaracja-dostepnosci\/","title":{"rendered":"Deklaracja Dost\u0119pno\u015bci"},"content":{"rendered":"<div id=\"a11y-wstep\">\nProjekt Interreg zobowi\u0105zuje si\u0119 zapewni\u0107 dost\u0119pno\u015b\u0107 strony internetowej zgodnie z przepisami ustawy z dnia 4 kwietnia 2019r. o dost\u0119pno\u015bci cyfrowej stron internetowych i aplikacji mobilnych podmiot\u00f3w publicznych. O\u015bwiadczenie w sprawie dost\u0119pno\u015bci ma zastosowanie do strony internetowej<\/p>\n<div id=\"a11y-url\"><a href=\"https:\/\/www.nowa-edu.us.edu.pl\/interreg\/\">https:\/\/www.nowa-edu.us.edu.pl\/interreg\/<\/a><\/div>\n<div id=\"a11y-data-publikacja-wrapper\">Data publikacji strony internetowej:\u00a0<span id=\"\u201da11y-data-publikacja\u201d\">[data]<\/span>\u00a0(publikacja wewn\u0119trzna).<\/div>\n<div id=\"a11y-data-aktualizacja-wrapper\">Data ostatniej istotnej aktualizacji: [data]<\/div>\n<div id=\"a11y-status\">Strona internetowa jest zgodna z ustaw\u0105 z dnia 4 kwietnia 2019 r. o dost\u0119pno\u015bci cyfrowej stron<br \/>\ninternetowych i aplikacji mobilnych podmiot\u00f3w publicznych.<\/div>\n<div id=\"a11y-data-sporzadzenie-wrapper\">O\u015bwiadczenie sporz\u0105dzono dnia:\u00a0<span id=\"\u201da11y-data-sporzadzenie\u201d\">2021.02.08 r.<\/span><\/div>\n<p>Deklaracj\u0119 sporz\u0105dzono na podstawie badania przeprowadzonego przez podmiot zewn\u0119trzny:\u00a0<span id=\"\u201da11y-audytor\u201d\">HyperView Sp. z o.o.<\/span><\/p>\n<\/div>\n<h2>Informacje zwrotne i dane kontaktowe<\/h2>\n<div id=\"a11y-procedura\">\n<p>W przypadku problem\u00f3w z dost\u0119pno\u015bci\u0105 strony internetowej prosimy o kontakt. Osob\u0105 kontaktow\u0105 jest Beata W\u00f3zkowicz-\u015al\u0119zak. Kontaktowa\u0107 mo\u017cna si\u0119 tak\u017ce dzwoni\u0105c na numer telefonu 0048 32 36 89 515.<br \/>\nT\u0105 sam\u0105 drog\u0105 mo\u017cna sk\u0142ada\u0107 wnioski o udost\u0119pnienie informacji niedost\u0119pnej oraz sk\u0142ada\u0107 \u017c\u0105dania<br \/>\nzapewnienia dost\u0119pno\u015bci.<\/p>\n<p>Ka\u017cdy ma prawo do wyst\u0105pienia z \u017c\u0105daniem zapewnienia dost\u0119pno\u015bci cyfrowej strony internetowej, aplikacji mobilnej lub jakiego\u015b ich elementu. Mo\u017cna tak\u017ce za\u017c\u0105da\u0107 udost\u0119pnienia informacji za pomoc\u0105 alternatywnego sposobu dost\u0119pu, na przyk\u0142ad przez odczytanie niedost\u0119pnego cyfrowo dokumentu, opisanie zawarto\u015bci filmu bez audiodeskrypcji itp. \u017b\u0105danie powinno zawiera\u0107 dane osoby zg\u0142aszaj\u0105cej \u017c\u0105danie, wskazanie, o kt\u00f3r\u0105 stron\u0119 internetow\u0105 lub aplikacj\u0119 mobiln\u0105 chodzi oraz spos\u00f3b kontaktu. Je\u017celi osoba \u017c\u0105daj\u0105ca zg\u0142asza potrzeb\u0119 otrzymania informacji za pomoc\u0105 alternatywnego sposobu dost\u0119pu, powinna tak\u017ce okre\u015bli\u0107 dogodny dla niej spos\u00f3b przedstawienia tej informacji. Podmiot publiczny powinien zrealizowa\u0107 \u017c\u0105danie niezw\u0142ocznie, nie p\u00f3\u017aniej ni\u017c w ci\u0105gu 7 dni od dnia wyst\u0105pienia z \u017c\u0105daniem. Je\u017celi dotrzymanie tego terminu nie jest mo\u017cliwe, podmiot publiczny niezw\u0142ocznie informuje o tym wnosz\u0105cego \u017c\u0105danie, kiedy realizacja zadania b\u0119dzie mo\u017cliwa, przy czym termin ten nie mo\u017ce by\u0107 d\u0142u\u017cszy ni\u017c 2<br \/>\nmiesi\u0105ce od dnia wyst\u0105pienia z \u017c\u0105daniem. Je\u017celi zapewnienie dost\u0119pno\u015bci cyfrowej nie jest mo\u017cliwe, podmiot publiczny mo\u017ce zaproponowa\u0107 alternatywny spos\u00f3b dost\u0119pu do informacji. W przypadku, gdy podmiot publiczny odm\u00f3wi realizacji zadania zapewnienia dost\u0119pno\u015bci lub alternatywnego sposobu dost\u0119pu do informacji, wnosz\u0105cy \u017c\u0105danie mo\u017cne z\u0142o\u017cy\u0107 skarg\u0119 w sprawie zapewnienia dost\u0119pno\u015bci cyfrowej strony internetowej, aplikacji mobilnej lub elementu strony internetowej lub aplikacji mobilnej. Po wyczerpaniu wskazanej wy\u017cej procedury mo\u017cna tak\u017ce z\u0142o\u017cy\u0107 wniosek do\u00a0<a href=\"https:\/\/www.rpo.gov.pl\/\">Rzecznika Praw Obywatelskich<\/a>.<\/p>\n<\/div>\n<h4>Kontakt<\/h4>\n<div id=\"a11y-kontakt\">adres:<br \/>\nUniwersytet \u015al\u0105ski,<br \/>\nNauk Przyrodniczych,<br \/>\nNauk o Ziemi,<br \/>\nB\u0119dzi\u0144ska 60, 41-200 Sosnowiec<br \/>\ne-mail: beata.woskowicz-\u015bl\u0119zak@us.edu.pl<br \/>\ntel: 0048 32 36 89 515<\/div>\n<h2>Dost\u0119pno\u015b\u0107 architektoniczna<\/h2>\n<div id=\"a11y-architektura\">Uniwersytet \u015al\u0105ski,<br \/>\nNauk Przyrodniczych,<br \/>\nNauk o Ziemi,<br \/>\nB\u0119dzi\u0144ska 60, 41-200 Sosnowiec<br \/>\n<strong>Tel. 0048 32 36 89 515<\/strong><\/p>\n<p><strong>Dost\u0119pno\u015b\u0107 wej\u015bcia do budynku i przechodzenia przez obszary kontroli<\/strong><\/p>\n<p>Na Wydziale mamy dwa wej\u015bcia do obiekt\u00f3w \u2013 jedno do budynku dydaktycznego, drugie do budynku auli. Oba wej\u015bcia s\u0105 wyposa\u017cone w automatyczne drzwi rozsuwane &#8211; uruchamiane za pomoc\u0105 czujnika ruchu. Przy ka\u017cdym z wej\u015b\u0107 znajduje si\u0119 posterunek ochrony. Bezpo\u015brednio przy wej\u015bciach znajduj\u0105 si\u0119 rampy z pochylniami dla os\u00f3b niepe\u0142nosprawnych. Podjazdy wyposa\u017cone s\u0105 w spoczniki oraz barierki ochronne. Nawierzchnie podjazd\u00f3w utwardzone, brak prog\u00f3w utrudniaj\u0105cych wjazd.<\/p>\n<p><strong>Dost\u0119pno\u015b\u0107 korytarzy, schod\u00f3w i wind<\/strong><\/p>\n<p>Na Wydziale znajduj\u0105 si\u0119 og\u00f3lnodost\u0119pne schody oraz korytarze o szeroko\u015bci powy\u017cej 140 cm. W obiekcie znajduj\u0105 si\u0119 3 windy dostosowane do potrzeb os\u00f3b niepe\u0142nosprawnych z automatycznym otwieraniem drzwi .Podjazdy do wind z holi korytarzowych przekraczaj\u0105 10 m2 . Istnieje mo\u017cliwo\u015b\u0107 komunikowania si\u0119 z posterunkiem ochrony.<\/p>\n<p><strong>Rodzaje dostosowa\u0144 wewn\u0105trz budynku<\/strong><\/p>\n<p>W ubikacjach dla niepe\u0142nosprawnych zamontowane s\u0105 systemy przywo\u0142awcze ,,KALER\u201d po\u0142\u0105czone z posterunkami ochrony.<\/p>\n<p><strong>Miejsca parkingowe wyznaczone dla os\u00f3b niepe\u0142nosprawnych i spos\u00f3b korzystania z nich<\/strong><\/p>\n<p>Na terenie zewn\u0119trznym Wydzia\u0142u znajduj\u0105 si\u0119 2 miejsca parkingowe og\u00f3lnodost\u0119pne (bezp\u0142atne) dla os\u00f3b niepe\u0142nosprawnych. Stanowiska s\u0105 oznakowane znakami poziomymi oraz pionowymi. Dojazd do wymienionych miejsc od ulicy B\u0119dzi\u0144skiej oraz od ulicy Lwowskiej.<\/p>\n<p><strong>Wst\u0119p z psem asystuj\u0105cym<\/strong><\/p>\n<p>Informujemy, \u017ce na teren budynku mo\u017cna wej\u015b\u0107 z psem asystuj\u0105cym oraz psem przewodnikiem.<\/p>\n<p><strong>T\u0142umacz j\u0119zyka migowego<\/strong><\/p>\n<p>W budynku nie ma t\u0142umacza j\u0119zyka migowego, ani mo\u017cliwo\u015bci skorzystania z us\u0142ugi t\u0142umacza on-line.<br \/>\nKonieczno\u015b\u0107 kontaktu z udzia\u0142em t\u0142umacza j\u0119zyka migowego nale\u017cy zg\u0142osi\u0107 minimum na 3 dni przed planowan\u0105 wizyt\u0105.<\/p>\n<\/div>\n<h2>Kompatybilno\u015b\u0107<\/h2>\n<div id=\"a11y-aplikacje\">Serwis jest w pe\u0142ni rozpoznawalny przez programy czytaj\u0105ce dla os\u00f3b niewidomych takich jak np.<br \/>\nWindow-Eyes, JAWS czy NVDA.<br \/>\nPe\u0142na obs\u0142uga serwisu mo\u017cliwa jest zar\u00f3wno przy pomocy samej klawiatury jak i myszki<\/p>\n<h2>Pomoc w nawigacji<\/h2>\n<p>W przypadku wyst\u0105pienia jakichkolwiek problem\u00f3w z nawigacj\u0105 zalecamy kombinacje klawiszy:<br \/>\n\u2022 CTRL + F5 \u2013 ponowne za\u0142adowanie zawarto\u015bci strony.<br \/>\nSerwis jest dostosowany do obs\u0142ugi zar\u00f3wno myszk\u0105 jak i sam\u0105 klawiatur\u0105, za pomoc\u0105 klawiszy:<br \/>\n\u2022 TAB \u2013 przej\u015bcie do nast\u0119pnego elementu mo\u017cliwego do klikni\u0119cia,<br \/>\n\u2022 SHIFT + TAB \u2013 przej\u015bcie do poprzedniego elementu mo\u017cliwego do klikni\u0119cia,<br \/>\n\u2022 ENTER \u2013 wykonanie domy\u015blnej akcji, zwykle wci\u015bni\u0119cie przycisku OK,<br \/>\n\u2022 SPACJA \u2013 przej\u015bcie do kolejnej sekcji na stronie,<br \/>\n\u2022 \u2190 \u2191 \u2192 \u2193 \u2013 przewijanie widocznej cz\u0119\u015bci strony.<\/p>\n<h2>U\u0142atwienia dost\u0119pu \u2013 zmiana rozmiaru strony<\/h2>\n<p>Graficzne przegl\u0105darki internetowe umo\u017cliwiaj\u0105 powi\u0119kszenie lub pomniejszenie widoku wy\u015bwietlanej strony. Aby<br \/>\npowi\u0119kszy\u0107 tekst nale\u017cy wybra\u0107 odpowiedni\u0105 kombinacj\u0119 klawiszy:<br \/>\nFirefox, Chrome, Internet Explorer, Opera:<br \/>\n\u2022 [CTRL] oraz [+] aby powi\u0119kszy\u0107 widok,<br \/>\n\u2022 [CTRL] oraz [-] aby pomniejszy\u0107 widok.<\/p>\n<\/div>\n","protected":false},"excerpt":{"rendered":"<p>Projekt Interreg zobowi\u0105zuje si\u0119 zapewni\u0107 dost\u0119pno\u015b\u0107 strony internetowej zgodnie z przepisami ustawy z dnia 4 kwietnia 2019r. o dost\u0119pno\u015bci cyfrowej stron internetowych i aplikacji mobilnych podmiot\u00f3w publicznych. O\u015bwiadczenie w sprawie dost\u0119pno\u015bci ma zastosowanie do strony internetowej https:\/\/www.nowa-edu.us.edu.pl\/interreg\/ Data publikacji strony internetowej:\u00a0[data]\u00a0(publikacja wewn\u0119trzna). Data ostatniej istotnej aktualizacji: [data] Strona internetowa jest zgodna z ustaw\u0105 z dnia [&hellip;]<\/p>\n","protected":false},"author":2,"featured_media":0,"parent":0,"menu_order":0,"comment_status":"closed","ping_status":"closed","template":"","meta":{"footnotes":""},"acf":[],"_links":{"self":[{"href":"https:\/\/www.nowa-edu.us.edu.pl\/interreg\/wp-json\/wp\/v2\/pages\/44"}],"collection":[{"href":"https:\/\/www.nowa-edu.us.edu.pl\/interreg\/wp-json\/wp\/v2\/pages"}],"about":[{"href":"https:\/\/www.nowa-edu.us.edu.pl\/interreg\/wp-json\/wp\/v2\/types\/page"}],"author":[{"embeddable":true,"href":"https:\/\/www.nowa-edu.us.edu.pl\/interreg\/wp-json\/wp\/v2\/users\/2"}],"replies":[{"embeddable":true,"href":"https:\/\/www.nowa-edu.us.edu.pl\/interreg\/wp-json\/wp\/v2\/comments?post=44"}],"version-history":[{"count":18,"href":"https:\/\/www.nowa-edu.us.edu.pl\/interreg\/wp-json\/wp\/v2\/pages\/44\/revisions"}],"predecessor-version":[{"id":529,"href":"https:\/\/www.nowa-edu.us.edu.pl\/interreg\/wp-json\/wp\/v2\/pages\/44\/revisions\/529"}],"wp:attachment":[{"href":"https:\/\/www.nowa-edu.us.edu.pl\/interreg\/wp-json\/wp\/v2\/media?parent=44"}],"curies":[{"name":"wp","href":"https:\/\/api.w.org\/{rel}","templated":true}]}}