{"id":41,"date":"2021-01-21T09:11:13","date_gmt":"2021-01-21T09:11:13","guid":{"rendered":"https:\/\/www.nowa-edu.us.edu.pl\/interreg\/?page_id=41"},"modified":"2021-02-10T12:08:33","modified_gmt":"2021-02-10T12:08:33","slug":"mapa-strony","status":"publish","type":"page","link":"https:\/\/www.nowa-edu.us.edu.pl\/interreg\/mapa-strony\/","title":{"rendered":"Mapa strony"},"content":{"rendered":"<div>\n<p><a href=\"https:\/\/www.nowa-edu.us.edu.pl\/interreg\/\">Strona g\u0142\u00f3wna<\/a><br \/>\n<a style=\"padding-left:20px\" href=\"https:\/\/www.nowa-edu.us.edu.pl\/interreg\/o-projekcie\/\">O projekcie<\/a><br \/>\n<a style=\"padding-left:20px\"  href=\"https:\/\/www.nowa-edu.us.edu.pl\/interreg\/cele-projektu\/\">Cele projektu<\/a><br \/>\n<a  style=\"padding-left:20px\" href=\"https:\/\/www.nowa-edu.us.edu.pl\/interreg\/konsorcjum\/\">Konsorcjum<\/a><br \/>\n<a  style=\"padding-left:20px\" style=\"padding-left:20px\"  href=\"https:\/\/www.nowa-edu.us.edu.pl\/interreg\/mapa\/\">Mapa<\/a><br \/>\n<a  style=\"padding-left:20px\" href=\"https:\/\/www.nowa-edu.us.edu.pl\/interreg\/kontakt\/\">Kontakt<\/a><br \/>\n<a href=\"https:\/\/www.nowa-edu.us.edu.pl\/interreg\/aktualnosci\/\">Aktualno\u015bci<\/a><br \/>\n<a href=\"https:\/\/www.nowa-edu.us.edu.pl\/interreg\/szkolenia\/\">Szkolenia<\/a><br \/>\n<a href=\"https:\/\/www.nowa-edu.us.edu.pl\/interreg\/podsumowanie-projektu-publikacja\/\">Raport podsumowanie projektu<\/a><br \/>\n<a href=\"https:\/\/www.nowa-edu.us.edu.pl\/interreg\/mapa-strony\/\">Mapa strony<\/a><br \/>\n<a href=\"https:\/\/www.nowa-edu.us.edu.pl\/interreg\/deklaracja-dostepnosci\/\">Deklaracja dost\u0119pno\u015bci<\/a>\n<\/div>\n","protected":false},"excerpt":{"rendered":"<p>Strona g\u0142\u00f3wna O projekcie Cele projektu Konsorcjum Mapa Kontakt Aktualno\u015bci Szkolenia Raport podsumowanie projektu Mapa strony Deklaracja dost\u0119pno\u015bci<\/p>\n","protected":false},"author":2,"featured_media":0,"parent":0,"menu_order":0,"comment_status":"closed","ping_status":"closed","template":"","meta":{"footnotes":""},"acf":[],"_links":{"self":[{"href":"https:\/\/www.nowa-edu.us.edu.pl\/interreg\/wp-json\/wp\/v2\/pages\/41"}],"collection":[{"href":"https:\/\/www.nowa-edu.us.edu.pl\/interreg\/wp-json\/wp\/v2\/pages"}],"about":[{"href":"https:\/\/www.nowa-edu.us.edu.pl\/interreg\/wp-json\/wp\/v2\/types\/page"}],"author":[{"embeddable":true,"href":"https:\/\/www.nowa-edu.us.edu.pl\/interreg\/wp-json\/wp\/v2\/users\/2"}],"replies":[{"embeddable":true,"href":"https:\/\/www.nowa-edu.us.edu.pl\/interreg\/wp-json\/wp\/v2\/comments?post=41"}],"version-history":[{"count":9,"href":"https:\/\/www.nowa-edu.us.edu.pl\/interreg\/wp-json\/wp\/v2\/pages\/41\/revisions"}],"predecessor-version":[{"id":454,"href":"https:\/\/www.nowa-edu.us.edu.pl\/interreg\/wp-json\/wp\/v2\/pages\/41\/revisions\/454"}],"wp:attachment":[{"href":"https:\/\/www.nowa-edu.us.edu.pl\/interreg\/wp-json\/wp\/v2\/media?parent=41"}],"curies":[{"name":"wp","href":"https:\/\/api.w.org\/{rel}","templated":true}]}}