{"id":36,"date":"2021-01-21T09:10:40","date_gmt":"2021-01-21T09:10:40","guid":{"rendered":"https:\/\/www.nowa-edu.us.edu.pl\/interreg\/?page_id=36"},"modified":"2021-02-08T09:46:19","modified_gmt":"2021-02-08T09:46:19","slug":"polityka-prywatnosci","status":"publish","type":"page","link":"https:\/\/www.nowa-edu.us.edu.pl\/interreg\/polityka-prywatnosci\/","title":{"rendered":"Polityka prywatno\u015bci"},"content":{"rendered":"\r\n<h2 class=\"wp-block-heading\">Kim jeste\u015bmy<\/h2>\r\n\r\n\r\n\r\n<p>\r\nAdres naszej strony internetowej to: https:\/\/www.nowa-edu.us.edu.pl\/interreg.\r\n<\/p>\r\n\r\n\r\n\r\n<h2 class=\"wp-block-heading\">Jakie dane osobowe zbieramy i dlaczego je zbieramy<\/h2>\r\n\r\n\r\n\r\n<h3 class=\"wp-block-heading\">Komentarze<\/h3>\r\n\r\n\r\n\r\n<p>Kiedy go\u015bcie zostawiaj\u0105 komentarze w witrynie, zbieramy dane pokazane w formularzu komentarzy, a tak\u017ce adres IP odwiedzaj\u0105cego i ci\u0105g agenta u\u017cytkownika przegl\u0105darki, aby pom\u00f3c w wykrywaniu spamu.<\/p>\r\n\r\n\r\n\r\n<p>Zanonimizowany ci\u0105g znak\u00f3w utworzony na podstawie twojego adresu e-mail (zwany tak\u017ce hashem) mo\u017ce zosta\u0107 przes\u0142any do us\u0142ugi Gravatar w celu sprawdzenia, czy jej u\u017cywasz. Polityka prywatno\u015bci us\u0142ugi Gravatar jest dost\u0119pna tutaj: https:\/\/automattic.com\/privacy\/. Po zatwierdzeniu komentarza twoje zdj\u0119cie profilowe jest widoczne publicznie w kontek\u015bcie twojego komentarza.<\/p>\r\n\r\n\r\n\r\n<h3 class=\"wp-block-heading\">Media<\/h3>\r\n\r\n\r\n\r\n<p>Je\u015bli przesy\u0142asz obrazy na stron\u0119 internetow\u0105, powiniene\u015b unika\u0107 przesy\u0142ania zdj\u0119\u0107 z wbudowanymi danymi lokalizacji (EXIF GPS). Odwiedzaj\u0105cy witryn\u0119 mog\u0105 pobiera\u0107 i odczytywa\u0107 wszelkie dane o lokalizacji z obraz\u00f3w w witrynie.<\/p>\r\n\r\n\r\n\r\n<h3 class=\"wp-block-heading\">Formularze kontaktowe<\/h3>\r\n\r\n\r\n\r\n<h3 class=\"wp-block-heading\">Ciasteczka<\/h3>\r\n\r\n\r\n\r\n<p>Je\u015bli zostawisz komentarz na naszej stronie, mo\u017cesz wyrazi\u0107 zgod\u0119 na zapisywanie swojego imienia i nazwiska, adresu e-mail i strony internetowej w plikach cookie. S\u0105 one dla Twojej wygody, aby\u015b nie musia\u0142 ponownie wpisywa\u0107 swoich danych, gdy zostawisz kolejny komentarz. Te pliki cookie b\u0119d\u0105 dzia\u0142a\u0107 przez rok.<\/p>\r\n\r\n\r\n\r\n<p>Podczas logowania utworzymy r\u00f3wnie\u017c kilka plik\u00f3w cookie, aby zapisa\u0107 dane logowania i opcje wy\u015bwietlania ekranu. Pliki cookie do logowania s\u0105 przechowywane przez dwa dni, a pliki cookie z opcjami ekranu przez rok. Je\u015bli wybierzesz \u201eZapami\u0119taj mnie\u201d, Tw\u00f3j login b\u0119dzie trwa\u0142 przez dwa tygodnie. Je\u015bli wylogujesz si\u0119 ze swojego konta, pliki cookie logowania zostan\u0105 usuni\u0119te.<\/p>\r\n\r\n\r\n\r\n<p>Je\u015bli odwiedzasz nasz\u0105 stron\u0119 logowania, ustawimy tymczasowy plik cookie, aby okre\u015bli\u0107, czy Twoja przegl\u0105darka akceptuje pliki cookie. Ten plik cookie nie zawiera \u017cadnych danych osobowych i zostanie wyrzucony po zamkni\u0119ciu przegl\u0105darki.<\/p>\r\n\r\n\r\n\r\n<p>Je\u015bli edytujesz lub opublikujesz artyku\u0142, w Twojej przegl\u0105darce zostanie zapisane dodatkowe ciasteczko. Ten plik cookie nie zawiera danych osobowych i po prostu wskazuje identyfikator posta artyku\u0142u, kt\u00f3ry w\u0142a\u015bnie edytowa\u0142e\u015b. Wygasa po 1 dniu.<\/p>\r\n\r\n\r\n\r\n<h3 class=\"wp-block-heading\">Osadzone tre\u015bci z innych witryn internetowych<\/h3>\r\n\r\n\r\n\r\n<p>Artyku\u0142y na tej stronie mog\u0105 zawiera\u0107 osadzone tre\u015bci (np.filmy, obrazki, artyku\u0142y itp.). Osadzone tre\u015bci z innych witryn zachowuj\u0105 si\u0119 dok\u0142adnie tak samo, jakby u\u017cytkownik odwiedzi\u0142 inn\u0105 witryn\u0119.<\/p>\r\n\r\n\r\n\r\n<p>Witryny te mog\u0105 gromadzi\u0107 dane o Tobie, u\u017cywa\u0107 plik\u00f3w cookie, osadza\u0107 dodatkowe \u015bledzenie stron trzecich i monitorowa\u0107 Twoj\u0105 interakcj\u0119 z zawarto\u015bci\u0105 osadzon\u0105, w tym \u015bledzenie interakcji z zawarto\u015bci\u0105 osadzon\u0105, je\u015bli masz konto i jeste\u015b zalogowany w tej witrynie.<\/p>\r\n\r\n\r\n\r\n<h3 class=\"wp-block-heading\">Analityka<\/h3>\r\n\r\n\r\n\r\n<h2 class=\"wp-block-heading\">Komu udost\u0119pniamy Twoje dane<\/h2>\r\n\r\n\r\n\r\n<p>Je\u015bli poprosisz o zresetowanie has\u0142a, Tw\u00f3j adres IP zostanie uwzgl\u0119dniony w wiadomo\u015bci e-mail dotycz\u0105cej resetowania.<\/p>\r\n\r\n\r\n\r\n<h2 class=\"wp-block-heading\">Jak d\u0142ugo przechowujemy Twoje dane<\/h2>\r\n\r\n\r\n\r\n<p>Je\u015bli zostawisz komentarz, komentarz i jego metadane zostan\u0105 zachowane na czas nieokre\u015blony. Dzi\u0119ki temu mo\u017cemy automatycznie rozpoznawa\u0107 i zatwierdza\u0107 wszelkie dalsze komentarze zamiast trzyma\u0107 je w kolejce moderacji.<\/p>\r\n\r\n\r\n\r\n<p>W przypadku u\u017cytkownik\u00f3w, kt\u00f3rzy zarejestruj\u0105 si\u0119 na naszej stronie internetowej (je\u015bli istniej\u0105), przechowujemy r\u00f3wnie\u017c dane osobowe, kt\u00f3re podaj\u0105 w swoim profilu u\u017cytkownika. Wszyscy u\u017cytkownicy mog\u0105 w dowolnym momencie wy\u015bwietla\u0107, edytowa\u0107 lub usuwa\u0107 swoje dane osobowe (z wyj\u0105tkiem sytuacji, gdy nie mog\u0105 zmieni\u0107 swojej nazwy u\u017cytkownika). Administratorzy serwisu mog\u0105 r\u00f3wnie\u017c przegl\u0105da\u0107 i edytowa\u0107 te informacje.<\/p>\r\n\r\n\r\n\r\n<h2 class=\"wp-block-heading\">Jakie masz prawa do swoich danych<\/h2>\r\n\r\n\r\n\r\n<p>Je\u015bli masz konto w tej witrynie lub zostawi\u0142e\u015b komentarze, mo\u017cesz poprosi\u0107 o przes\u0142anie wyeksportowanego pliku danych osobowych, kt\u00f3re posiadamy o Tobie, w tym wszelkich danych, kt\u00f3re nam przekaza\u0142e\u015b. Mo\u017cesz r\u00f3wnie\u017c za\u017c\u0105da\u0107 usuni\u0119cia przez nas wszelkich Twoich danych osobowych, kt\u00f3re posiadamy. Nie obejmuje to \u017cadnych danych, kt\u00f3re jeste\u015bmy zobowi\u0105zani przechowywa\u0107 ze wzgl\u0119d\u00f3w administracyjnych, prawnych lub bezpiecze\u0144stwa.<\/p>\r\n\r\n\r\n\r\n<h2 class=\"wp-block-heading\">Gdzie wysy\u0142amy Twoje dane<\/h2>\r\n\r\n\r\n\r\n<p>Komentarze go\u015bci mog\u0105 by\u0107 sprawdzane za pomoc\u0105 automatycznej us\u0142ugi wykrywania spamu.<\/p>\r\n\r\n\r\n\r\n<h2 class=\"wp-block-heading\">Twoje Informacje Kontaktowe<\/h2>\r\n\r\n\r\n\r\n<p>Uniwersytet \u015al\u0105ski\r\n\r\nWydzia\u0142a Nauk Przyrodniczych\r\n\r\nInstytut Nauk o Ziemi\r\n\r\nul. B\u0119dzi\u0144ska 60, 41-200 Sosnowiec<\/p>\r\n","protected":false},"excerpt":{"rendered":"<p>Kim jeste\u015bmy Adres naszej strony internetowej to: https:\/\/www.nowa-edu.us.edu.pl\/interreg. Jakie dane osobowe zbieramy i dlaczego je zbieramy Komentarze Kiedy go\u015bcie zostawiaj\u0105 komentarze w witrynie, zbieramy dane pokazane w formularzu komentarzy, a tak\u017ce adres IP odwiedzaj\u0105cego i ci\u0105g agenta u\u017cytkownika przegl\u0105darki, aby pom\u00f3c w wykrywaniu spamu. Zanonimizowany ci\u0105g znak\u00f3w utworzony na podstawie twojego adresu e-mail (zwany tak\u017ce [&hellip;]<\/p>\n","protected":false},"author":2,"featured_media":0,"parent":0,"menu_order":0,"comment_status":"closed","ping_status":"closed","template":"","meta":{"footnotes":""},"acf":[],"_links":{"self":[{"href":"https:\/\/www.nowa-edu.us.edu.pl\/interreg\/wp-json\/wp\/v2\/pages\/36"}],"collection":[{"href":"https:\/\/www.nowa-edu.us.edu.pl\/interreg\/wp-json\/wp\/v2\/pages"}],"about":[{"href":"https:\/\/www.nowa-edu.us.edu.pl\/interreg\/wp-json\/wp\/v2\/types\/page"}],"author":[{"embeddable":true,"href":"https:\/\/www.nowa-edu.us.edu.pl\/interreg\/wp-json\/wp\/v2\/users\/2"}],"replies":[{"embeddable":true,"href":"https:\/\/www.nowa-edu.us.edu.pl\/interreg\/wp-json\/wp\/v2\/comments?post=36"}],"version-history":[{"count":3,"href":"https:\/\/www.nowa-edu.us.edu.pl\/interreg\/wp-json\/wp\/v2\/pages\/36\/revisions"}],"predecessor-version":[{"id":294,"href":"https:\/\/www.nowa-edu.us.edu.pl\/interreg\/wp-json\/wp\/v2\/pages\/36\/revisions\/294"}],"wp:attachment":[{"href":"https:\/\/www.nowa-edu.us.edu.pl\/interreg\/wp-json\/wp\/v2\/media?parent=36"}],"curies":[{"name":"wp","href":"https:\/\/api.w.org\/{rel}","templated":true}]}}