{"id":33,"date":"2021-01-21T09:10:18","date_gmt":"2021-01-21T09:10:18","guid":{"rendered":"https:\/\/www.nowa-edu.us.edu.pl\/interreg\/?page_id=33"},"modified":"2021-02-08T09:23:22","modified_gmt":"2021-02-08T09:23:22","slug":"kontakt","status":"publish","type":"page","link":"https:\/\/www.nowa-edu.us.edu.pl\/interreg\/kontakt\/","title":{"rendered":"Kontakt"},"content":{"rendered":"<div class=\"row\">\n<div class=\"col-md-6 d-flex align-items-center justify-content-center flex-column\">\n<p>Uniwersytet \u015al\u0105ski<\/p>\n<p>Wydzia\u0142a Nauk Przyrodniczych<\/p>\n<p>Instytut Nauk o Ziemi<\/p>\n<p>ul. B\u0119dzi\u0144ska 60, 41-200 Sosnowiec\n <\/p><\/div>\n<div class=\"col-md-6 d-flex align-items-center justify-content-center flex-column\">\n<p><strong> Dr Beata W\u00f3zkowicz-\u015al\u0119zak <\/strong><\/p>\n<p style=\"text-align:center\">\nTelefon kontaktowy:<br \/>\n0048 32 36 89 515\n<\/p>\n<p style=\"text-align:center\">\nAdres email:<br \/>\nbeata.woskowicz-\u015bl\u0119zak@us.edu.pl<br \/>\nireneusz.malik@us.edu.pl\n<\/p>\n<\/div>\n<\/div>\n","protected":false},"excerpt":{"rendered":"<p>Uniwersytet \u015al\u0105ski Wydzia\u0142a Nauk Przyrodniczych Instytut Nauk o Ziemi ul. B\u0119dzi\u0144ska 60, 41-200 Sosnowiec Dr Beata W\u00f3zkowicz-\u015al\u0119zak Telefon kontaktowy: 0048 32 36 89 515 Adres email: beata.woskowicz-\u015bl\u0119zak@us.edu.pl ireneusz.malik@us.edu.pl<\/p>\n","protected":false},"author":2,"featured_media":0,"parent":0,"menu_order":0,"comment_status":"closed","ping_status":"closed","template":"","meta":{"footnotes":""},"acf":[],"_links":{"self":[{"href":"https:\/\/www.nowa-edu.us.edu.pl\/interreg\/wp-json\/wp\/v2\/pages\/33"}],"collection":[{"href":"https:\/\/www.nowa-edu.us.edu.pl\/interreg\/wp-json\/wp\/v2\/pages"}],"about":[{"href":"https:\/\/www.nowa-edu.us.edu.pl\/interreg\/wp-json\/wp\/v2\/types\/page"}],"author":[{"embeddable":true,"href":"https:\/\/www.nowa-edu.us.edu.pl\/interreg\/wp-json\/wp\/v2\/users\/2"}],"replies":[{"embeddable":true,"href":"https:\/\/www.nowa-edu.us.edu.pl\/interreg\/wp-json\/wp\/v2\/comments?post=33"}],"version-history":[{"count":9,"href":"https:\/\/www.nowa-edu.us.edu.pl\/interreg\/wp-json\/wp\/v2\/pages\/33\/revisions"}],"predecessor-version":[{"id":268,"href":"https:\/\/www.nowa-edu.us.edu.pl\/interreg\/wp-json\/wp\/v2\/pages\/33\/revisions\/268"}],"wp:attachment":[{"href":"https:\/\/www.nowa-edu.us.edu.pl\/interreg\/wp-json\/wp\/v2\/media?parent=33"}],"curies":[{"name":"wp","href":"https:\/\/api.w.org\/{rel}","templated":true}]}}