{"id":270,"date":"2021-02-08T09:25:33","date_gmt":"2021-02-08T09:25:33","guid":{"rendered":"https:\/\/www.nowa-edu.us.edu.pl\/interreg\/?page_id=270"},"modified":"2021-02-08T09:25:33","modified_gmt":"2021-02-08T09:25:33","slug":"contact","status":"publish","type":"page","link":"https:\/\/www.nowa-edu.us.edu.pl\/interreg\/en\/contact\/","title":{"rendered":"CONTACT"},"content":{"rendered":"<div class=\"row\">\n<div class=\"col-md-6 d-flex align-items-center justify-content-center flex-column\">\n<p>University of Silesia<\/p>\n<p>Faculty of Natural Sciences<\/p>\n<p>Instutute of Earth Sciences<\/p>\n<p>ul. B\u0119dzi\u0144ska 60, 41-200 Sosnowiec\n <\/p><\/div>\n<div class=\"col-md-6 d-flex align-items-center justify-content-center flex-column\">\n<p><strong> Dr Beata W\u00f3zkowicz-\u015al\u0119zak <\/strong><\/p>\n<p style=\"text-align:center\">\nPhone number:<br \/>\n0048 32 36 89 515\n<\/p>\n<p style=\"text-align:center\">\nE-mail adress:<br \/>\nbeata.woskowicz-\u015bl\u0119zak@us.edu.pl<br \/>\nireneusz.malik@us.edu.pl\n<\/p>\n<\/div>\n<\/div>\n","protected":false},"excerpt":{"rendered":"<p>University of Silesia Faculty of Natural Sciences Instutute of Earth Sciences ul. B\u0119dzi\u0144ska 60, 41-200 Sosnowiec Dr Beata W\u00f3zkowicz-\u015al\u0119zak Phone number: 0048 32 36 89 515 E-mail adress: beata.woskowicz-\u015bl\u0119zak@us.edu.pl ireneusz.malik@us.edu.pl<\/p>\n","protected":false},"author":2,"featured_media":0,"parent":0,"menu_order":0,"comment_status":"closed","ping_status":"closed","template":"","meta":{"footnotes":""},"acf":[],"_links":{"self":[{"href":"https:\/\/www.nowa-edu.us.edu.pl\/interreg\/wp-json\/wp\/v2\/pages\/270"}],"collection":[{"href":"https:\/\/www.nowa-edu.us.edu.pl\/interreg\/wp-json\/wp\/v2\/pages"}],"about":[{"href":"https:\/\/www.nowa-edu.us.edu.pl\/interreg\/wp-json\/wp\/v2\/types\/page"}],"author":[{"embeddable":true,"href":"https:\/\/www.nowa-edu.us.edu.pl\/interreg\/wp-json\/wp\/v2\/users\/2"}],"replies":[{"embeddable":true,"href":"https:\/\/www.nowa-edu.us.edu.pl\/interreg\/wp-json\/wp\/v2\/comments?post=270"}],"version-history":[{"count":2,"href":"https:\/\/www.nowa-edu.us.edu.pl\/interreg\/wp-json\/wp\/v2\/pages\/270\/revisions"}],"predecessor-version":[{"id":283,"href":"https:\/\/www.nowa-edu.us.edu.pl\/interreg\/wp-json\/wp\/v2\/pages\/270\/revisions\/283"}],"wp:attachment":[{"href":"https:\/\/www.nowa-edu.us.edu.pl\/interreg\/wp-json\/wp\/v2\/media?parent=270"}],"curies":[{"name":"wp","href":"https:\/\/api.w.org\/{rel}","templated":true}]}}