{"id":256,"date":"2021-02-08T09:11:23","date_gmt":"2021-02-08T09:11:23","guid":{"rendered":"https:\/\/www.nowa-edu.us.edu.pl\/interreg\/?page_id=256"},"modified":"2021-02-18T12:49:11","modified_gmt":"2021-02-18T12:49:11","slug":"konzorcium","status":"publish","type":"page","link":"https:\/\/www.nowa-edu.us.edu.pl\/interreg\/sk\/konzorcium\/","title":{"rendered":"Konzorcium"},"content":{"rendered":"<p><strong>Ved\u00faci partner<\/strong><\/p>\n<p><strong>SLEZSK\u00c1 UNIVERZITA V KATOWICIACH<\/strong><\/p>\n<p><img decoding=\"async\" loading=\"lazy\" class=\"alignnone size-medium wp-image-484\" style=\"float: right;\" src=\"https:\/\/www.nowa-edu.us.edu.pl\/interreg\/wp-content\/uploads\/2021\/02\/US-300x169.jpg\" alt=\"\" width=\"300\" height=\"169\" srcset=\"https:\/\/www.nowa-edu.us.edu.pl\/interreg\/wp-content\/uploads\/2021\/02\/US-300x169.jpg 300w, https:\/\/www.nowa-edu.us.edu.pl\/interreg\/wp-content\/uploads\/2021\/02\/US-1024x577.jpg 1024w, https:\/\/www.nowa-edu.us.edu.pl\/interreg\/wp-content\/uploads\/2021\/02\/US-768x432.jpg 768w, https:\/\/www.nowa-edu.us.edu.pl\/interreg\/wp-content\/uploads\/2021\/02\/US.jpg 1524w\" sizes=\"(max-width: 300px) 100vw, 300px\" \/>Sliezska Univerzita je jednou z najv\u00e4\u010d\u0161\u00edch po\u013esk\u00fdch verejn\u00fdch vysok\u00fdch \u0161k\u00f4l, ktorej obrovsk\u00e9 potenci\u00e1lne a transparentn\u00e9 administrat\u00edvne rozdelenie umo\u017e\u0148uje plni\u0165 \u00falohu ved\u00faceho partnera v projekte. Slezska Univerzita disponuje rozsiahlym potencjalom v oblasti \u013eudsk\u00fdch zdrojov so sk\u00fasenos\u0165ami pri realiz\u00e1cii projektov financovan\u00fdch z fondov E\u00da, ktor\u00e9 s\u00fa okrem in\u00e9ho tvoren\u00e9 pre zamestnancov projektov\u00fdch oddelen\u00ed a \u00fa\u010dtovn\u00edctva projektov, ale aj pre miesta, person\u00e1l, logistiku a verejn\u00e9 obstar\u00e1vanie.<\/p>\n<p>In\u0161pekcia environment\u00e1lnych riz\u00edk na Sliezskej univerzite (U\u015a) pri\u0165ahuje ka\u017ed\u00fd rok najv\u00e4\u010d\u0161\u00ed po\u010det \u0161tudentov na Fakulte geovedy (celkom 130). \u0160t\u00fadie u\u010dia ako rie\u0161i\u0165 environment\u00e1lne probl\u00e9my pomocou modern\u00fdch technol\u00f3gi\u00ed a boli vytvoren\u00e9 ako v\u00fdsledok projektu FRSE N\u00f3rskeho mechanizmu financovania &#8222;Modern\u00e9 vzdel\u00e1vanie v oblasti boja proti environment\u00e1lnym hrozb\u00e1m&#8221;. U\u015a je l\u00eddrom vo v\u00fdskume v\u010dasn\u00e9ho varovania pred z\u00e1plavami a zosuvom p\u00f4dy. V\u010faka projektu NCBR Innotech &#8222;Nov\u00fd n\u00e1stroj na zis\u0165ovanie akt\u00edvnych zosuvn\u00fdch svahov&#8221; bola met\u00f3da posudzovania zosuvu p\u00f4dy patentovan\u00e1. Ved\u00facim oboch projektov bol prof. I. Malik, mana\u017e\u00e9r aj v projekte Interreg. V posledn\u00fdch troch rokoch vydala Univerzita v Slezsku 1256 pr\u00e1c o environment\u00e1lnych probl\u00e9moch v renomovan\u00fdch vedeck\u00fdch \u010dasopisoch. M\u00e1 sk\u00fasenosti s v\u00fdskumom a v\u00fdu\u010dbou o \u017eivotnom prostred\u00ed, statusom MNiSW a KNOW. \u0160t\u00fadie na Sliezskej univerzite s\u00fa zalo\u017een\u00e9 na modern\u00fdch environment\u00e1lnych technol\u00f3gi\u00e1ch a maj\u00fa pozit\u00edvny n\u00e1zor PKA.<\/p>\n<p><strong>Partner projektu<\/strong><\/p>\n<p><strong>\u017dILINSK\u00c1 UNIVERZITA V \u017dILINE<\/strong><\/p>\n<p><img decoding=\"async\" loading=\"lazy\" class=\"alignnone size-medium wp-image-483\" style=\"float: right;\" src=\"https:\/\/www.nowa-edu.us.edu.pl\/interreg\/wp-content\/uploads\/2021\/02\/logo-300x136.jpg\" alt=\"\" width=\"300\" height=\"136\" srcset=\"https:\/\/www.nowa-edu.us.edu.pl\/interreg\/wp-content\/uploads\/2021\/02\/logo-300x136.jpg 300w, https:\/\/www.nowa-edu.us.edu.pl\/interreg\/wp-content\/uploads\/2021\/02\/logo.jpg 392w\" sizes=\"(max-width: 300px) 100vw, 300px\" \/>Poslan\u00edm \u017dilinskej univerzity v \u017diline (UNIZA) je rozv\u00edja\u0165 vzdelanos\u0165 na z\u00e1klade vedeckov\u00fdskumnej a umeleckej \u010dinnosti v duchu n\u00e1rodn\u00fdch a demokratick\u00fdch trad\u00edci\u00ed, rozv\u00edja\u0165 harmonick\u00fa osobnos\u0165, vedomosti, m\u00fadros\u0165, dobro a tvorivos\u0165 \u010dloveka a prispieva\u0165 k rozvoju vzdelanosti, vedy, kult\u00fary pre blaho celej spolo\u010dnosti. UNIZA poskytuje vzdel\u00e1vanie v nasledovn\u00fdch odvetviach: doprava, dopravn\u00e9 cesty, dopravn\u00e9 a pozemn\u00e9 stavite\u013estvo, elektrotechnika, telekomunik\u00e1cie, informatika, mana\u017ement a marketing, stroj\u00e1rstvo, materi\u00e1ly a technol\u00f3gie, robotika, kon\u0161truovanie strojov a zariaden\u00ed, energie, stavebn\u00edctvo, kr\u00edzov\u00fd a bezpe\u010dnostn\u00fd mana\u017ement, ob\u010dianska bezpe\u010dnos\u0165, po\u017eiarna ochrana, s\u00fadne in\u017einierstvo,<\/p>\n<p>\u017dilinsk\u00e1 Univerzita ma okrem in\u00e9ho aj technologick\u00fa sp\u00f4sobilos\u0165 inovat\u00edvnych sn\u00edma\u010dov vibr\u00e1ci\u00ed a pohybov p\u00f4dy, ktor\u00e9 s\u00fa okrem in\u00e9ho u\u017eito\u010dn\u00e9 pri v\u010dasnom odhalen\u00ed zosuvov p\u00f4dy. Projekt pl\u00e1nuje ich cezhrani\u010dn\u00fd transfer zo Slovenska do Po\u013eska. Po\u013esk\u00fd partner m\u00e1 na druhej strane technologick\u00e9 a didaktick\u00e9 ompetencie, ktor\u00e9 nie s\u00fa pre slovensk\u00fa stranu k dispoz\u00edcii, a to aj po\u010das projektu. Na realiz\u00e1ciu projektu je potrebn\u00e1 jednotn\u00e1 akcia.<\/p>\n","protected":false},"excerpt":{"rendered":"<p>Ved\u00faci partner SLEZSK\u00c1 UNIVERZITA V KATOWICIACH Sliezska Univerzita je jednou z najv\u00e4\u010d\u0161\u00edch po\u013esk\u00fdch verejn\u00fdch vysok\u00fdch \u0161k\u00f4l, ktorej obrovsk\u00e9 potenci\u00e1lne a transparentn\u00e9 administrat\u00edvne rozdelenie umo\u017e\u0148uje plni\u0165 \u00falohu ved\u00faceho partnera v projekte. Slezska Univerzita disponuje rozsiahlym potencjalom v oblasti \u013eudsk\u00fdch zdrojov so sk\u00fasenos\u0165ami pri realiz\u00e1cii projektov financovan\u00fdch z fondov E\u00da, ktor\u00e9 s\u00fa okrem in\u00e9ho tvoren\u00e9 pre zamestnancov [&hellip;]<\/p>\n","protected":false},"author":2,"featured_media":0,"parent":0,"menu_order":0,"comment_status":"closed","ping_status":"closed","template":"","meta":{"footnotes":""},"acf":[],"_links":{"self":[{"href":"https:\/\/www.nowa-edu.us.edu.pl\/interreg\/wp-json\/wp\/v2\/pages\/256"}],"collection":[{"href":"https:\/\/www.nowa-edu.us.edu.pl\/interreg\/wp-json\/wp\/v2\/pages"}],"about":[{"href":"https:\/\/www.nowa-edu.us.edu.pl\/interreg\/wp-json\/wp\/v2\/types\/page"}],"author":[{"embeddable":true,"href":"https:\/\/www.nowa-edu.us.edu.pl\/interreg\/wp-json\/wp\/v2\/users\/2"}],"replies":[{"embeddable":true,"href":"https:\/\/www.nowa-edu.us.edu.pl\/interreg\/wp-json\/wp\/v2\/comments?post=256"}],"version-history":[{"count":2,"href":"https:\/\/www.nowa-edu.us.edu.pl\/interreg\/wp-json\/wp\/v2\/pages\/256\/revisions"}],"predecessor-version":[{"id":577,"href":"https:\/\/www.nowa-edu.us.edu.pl\/interreg\/wp-json\/wp\/v2\/pages\/256\/revisions\/577"}],"wp:attachment":[{"href":"https:\/\/www.nowa-edu.us.edu.pl\/interreg\/wp-json\/wp\/v2\/media?parent=256"}],"curies":[{"name":"wp","href":"https:\/\/api.w.org\/{rel}","templated":true}]}}