{"id":250,"date":"2021-02-08T09:03:25","date_gmt":"2021-02-08T09:03:25","guid":{"rendered":"https:\/\/www.nowa-edu.us.edu.pl\/interreg\/?page_id=250"},"modified":"2021-02-08T09:03:25","modified_gmt":"2021-02-08T09:03:25","slug":"ucel-projektu","status":"publish","type":"page","link":"https:\/\/www.nowa-edu.us.edu.pl\/interreg\/sk\/ucel-projektu\/","title":{"rendered":"\u00da\u010del projektu"},"content":{"rendered":"<p><strong>\u00da\u010del projektu<\/strong><\/p>\n<p>Zv\u00fd\u0161enie kvality a r\u00f4znorodosti odborn\u00e9ho vzdel\u00e1vania (na stredn\u00fdch \u0161kol\u00e1ch, univerzit\u00e1ch a \u0161kol\u00e1ch pre dospel\u00fdch) a tie\u017e zvy\u0161ovanie v podpornej oblasti \u0161\u00edren\u00edm modern\u00fdch vedomost\u00ed a praktick\u00fdch zru\u010dnost\u00ed pri vyu\u017e\u00edvan\u00ed modern\u00fdch environment\u00e1lnych technol\u00f3gi\u00ed na boj proti environment\u00e1lnym hrozb\u00e1m vr\u00e1tane \u0161\u00edrenia v projekte vypracovan\u00fdch a navrhovan\u00fdch nov\u00fdch \u0161pecializovan\u00fdch vzdel\u00e1vac\u00edch programov v profesii technik\/in\u017einier environment\u00e1lnych hrozieb.<\/p>\n<p><strong>\u0160pecificke ciele<\/strong><\/p>\n<p>1. V\u00fdvoj vzdel\u00e1vac\u00edch programov v profesii technik\/in\u017einier environment\u00e1lnych hrozieb<br \/>\n2. Vykon\u00e1vanie \u0161kolen\u00ed pre cie\u013eov\u00e9 skupiny v oblasti environment\u00e1lnych hrozieb<br \/>\n3. Transfer odborn\u00fdch znalost\u00ed s cie\u013eom z\u00edska\u0165 kompetencie, ktor\u00e9 doteraz neboli k dispoz\u00edcii partnerom<\/p>\n","protected":false},"excerpt":{"rendered":"<p>\u00da\u010del projektu Zv\u00fd\u0161enie kvality a r\u00f4znorodosti odborn\u00e9ho vzdel\u00e1vania (na stredn\u00fdch \u0161kol\u00e1ch, univerzit\u00e1ch a \u0161kol\u00e1ch pre dospel\u00fdch) a tie\u017e zvy\u0161ovanie v podpornej oblasti \u0161\u00edren\u00edm modern\u00fdch vedomost\u00ed a praktick\u00fdch zru\u010dnost\u00ed pri vyu\u017e\u00edvan\u00ed modern\u00fdch environment\u00e1lnych technol\u00f3gi\u00ed na boj proti environment\u00e1lnym hrozb\u00e1m vr\u00e1tane \u0161\u00edrenia v projekte vypracovan\u00fdch a navrhovan\u00fdch nov\u00fdch \u0161pecializovan\u00fdch vzdel\u00e1vac\u00edch programov v profesii technik\/in\u017einier environment\u00e1lnych hrozieb. \u0160pecificke [&hellip;]<\/p>\n","protected":false},"author":2,"featured_media":0,"parent":0,"menu_order":0,"comment_status":"closed","ping_status":"closed","template":"","meta":{"footnotes":""},"acf":[],"_links":{"self":[{"href":"https:\/\/www.nowa-edu.us.edu.pl\/interreg\/wp-json\/wp\/v2\/pages\/250"}],"collection":[{"href":"https:\/\/www.nowa-edu.us.edu.pl\/interreg\/wp-json\/wp\/v2\/pages"}],"about":[{"href":"https:\/\/www.nowa-edu.us.edu.pl\/interreg\/wp-json\/wp\/v2\/types\/page"}],"author":[{"embeddable":true,"href":"https:\/\/www.nowa-edu.us.edu.pl\/interreg\/wp-json\/wp\/v2\/users\/2"}],"replies":[{"embeddable":true,"href":"https:\/\/www.nowa-edu.us.edu.pl\/interreg\/wp-json\/wp\/v2\/comments?post=250"}],"version-history":[{"count":1,"href":"https:\/\/www.nowa-edu.us.edu.pl\/interreg\/wp-json\/wp\/v2\/pages\/250\/revisions"}],"predecessor-version":[{"id":251,"href":"https:\/\/www.nowa-edu.us.edu.pl\/interreg\/wp-json\/wp\/v2\/pages\/250\/revisions\/251"}],"wp:attachment":[{"href":"https:\/\/www.nowa-edu.us.edu.pl\/interreg\/wp-json\/wp\/v2\/media?parent=250"}],"curies":[{"name":"wp","href":"https:\/\/api.w.org\/{rel}","templated":true}]}}