{"id":24,"date":"2021-01-21T09:08:59","date_gmt":"2021-01-21T09:08:59","guid":{"rendered":"https:\/\/www.nowa-edu.us.edu.pl\/interreg\/?page_id=24"},"modified":"2021-02-10T15:45:14","modified_gmt":"2021-02-10T15:45:14","slug":"konsorcjum","status":"publish","type":"page","link":"https:\/\/www.nowa-edu.us.edu.pl\/interreg\/konsorcjum\/","title":{"rendered":"Konsorcjum"},"content":{"rendered":"<p><strong>Partner wiod\u0105cy<\/strong><\/p>\n<p><strong>UNIWERSYTET \u015aL\u0104SKI W KATOWICACH<\/strong><\/p>\n<p><img decoding=\"async\" loading=\"lazy\" class=\"alignnone size-medium wp-image-484\" style=\"float: right;\" src=\"https:\/\/www.nowa-edu.us.edu.pl\/interreg\/wp-content\/uploads\/2021\/02\/US-300x169.jpg\" alt=\"\" width=\"300\" height=\"169\" srcset=\"https:\/\/www.nowa-edu.us.edu.pl\/interreg\/wp-content\/uploads\/2021\/02\/US-300x169.jpg 300w, https:\/\/www.nowa-edu.us.edu.pl\/interreg\/wp-content\/uploads\/2021\/02\/US-1024x577.jpg 1024w, https:\/\/www.nowa-edu.us.edu.pl\/interreg\/wp-content\/uploads\/2021\/02\/US-768x432.jpg 768w, https:\/\/www.nowa-edu.us.edu.pl\/interreg\/wp-content\/uploads\/2021\/02\/US.jpg 1524w\" sizes=\"(max-width: 300px) 100vw, 300px\" \/><br \/>\nUniwersytet \u015al\u0105ski jest jedn\u0105 z najwi\u0119kszych polskich uczelni publicznych, kt\u00f3rej ogromny merytoryczny potencja\u0142 i przejrzysty podzia\u0142 administracyjny umo\u017cliwia pe\u0142nienie roli Partnera Wiod\u0105cego w projekcie. U\u015a dysponuje obszernymi zasobami w zakresie potencja\u0142u kadrowego, z do\u015bwiadczeniem w realizacji projekt\u00f3w finansowanych ze \u015brodk\u00f3w unijnych, kt\u00f3ry tworz\u0105 m.in. pracownicy Dzia\u0142\u00f3w Projekt\u00f3w i Ksi\u0119gowo\u015bci Projekt\u00f3w, ale tak\u017ce m.in. P\u0142ac, Kadr, Logistyki, Zam\u00f3wie\u0144 Publicznych.<\/p>\n<p>In\u017cynieria Zagro\u017ce\u0144 \u015arodowiskowych na Uniwersytecie \u015al\u0105skim (U\u015a) co rok przyci\u0105ga najwi\u0119ksz\u0105 w Instytucie Nauk o Ziemi liczb\u0119 student\u00f3w (\u0142\u0105cznie 130). Studia ucz\u0105 rozwi\u0105zywania problem\u00f3w \u015brodowiskowych z u\u017cyciem nowoczesnych technologii, a powsta\u0142y w efekcie projektu FRSE Norweskiego Mechanizmu Finansowania \u201eNowoczesna edukacja o przeciwdzia\u0142aniu zagro\u017ceniom \u015brodowiskowym\u201d. U\u015a to lider w badaniach nad wczesnym ostrzeganiem przed powodziami i osuwaniem. Dzi\u0119ki projektowi NCBR Innotech \u201eNowe narz\u0119dzie do wykrywania aktywnych stok\u00f3w osuwiskowych\u201d opatentowano metod\u0119 oceny aktywno\u015bci osuwiskowej. Kierownikiem obu projekt\u00f3w by\u0142 prof. I. Malik, kierownik r\u00f3wnie\u017c w projekcie Interreg. W ostatnich 3 latach U\u015a wyda\u0142 1256 prac o problemach \u015brodowiskowych w renomowanych czasopismach naukowych. Ma do\u015bwiadczenie w badaniach i nauczaniu o \u015brodowisku, kategori\u0119 A MNiSW i status KNoW. Studia na U\u015a s\u0105 prowadzone w oparciu o nowoczesne technologie \u015brodowiskowe i maj\u0105 pozytywn\u0105 opini\u0119 PKA.<\/p>\n<p>&nbsp;<\/p>\n<p>&nbsp;<\/p>\n<p><strong>Partner projektu<\/strong><\/p>\n<p><strong>\u017bYLI\u0143SKI UNIWERSYTET W \u017bYLINIE<\/strong><\/p>\n<p><img decoding=\"async\" loading=\"lazy\" class=\"alignnone size-medium wp-image-483\" style=\"float: right;\" src=\"https:\/\/www.nowa-edu.us.edu.pl\/interreg\/wp-content\/uploads\/2021\/02\/logo-300x136.jpg\" alt=\"\" width=\"300\" height=\"136\" srcset=\"https:\/\/www.nowa-edu.us.edu.pl\/interreg\/wp-content\/uploads\/2021\/02\/logo-300x136.jpg 300w, https:\/\/www.nowa-edu.us.edu.pl\/interreg\/wp-content\/uploads\/2021\/02\/logo.jpg 392w\" sizes=\"(max-width: 300px) 100vw, 300px\" \/><br \/>\nMisj\u0105 Uniwersytetu w \u017bylinie (UNIZA) jest rozw\u00f3j w oparciu o badania naukowe i dzia\u0142ania artystyczne w duchu tradycji narodowych i demokratycznych, rozw\u00f3j: harmonijnej osobowo\u015bci, wiedzy, m\u0105dro\u015bci, dobroci i kreatywno\u015bci oraz wk\u0142ad w rozw\u00f3j edukacji, nauki, kultury z korzy\u015bci\u0105 dla spo\u0142ecze\u0144stwa. UNIZA kszta\u0142ci w nast\u0119puj\u0105cych sektorach: transport, drogownictwo, in\u017cynieria transportu i budownictwa, elektrotechnika, telekomunikacja, informatyka, zarz\u0105dzanie i marketingu, in\u017cynierii, materia\u0142y i technologie, robotyka, projektowanie i konstrukcja maszyn, energetyka, budownictwo, zarz\u0105dzanie kryzysowe i bezpiecze\u0144stwo, bezpiecze\u0144stwo cywilne, ochrona przeciwpo\u017carowa, in\u017cynieria s\u0105dowa, matematyka stosowana, nauki o edukacji i biologia g\u00f3r wysokich.<\/p>\n<p>Uniwersytet w \u017bylinie ma kompetencje technologiczne dotycz\u0105ce min. innowacyjnych czujnik\u00f3w wibracji i ruch\u00f3w gruntu przydatnych mi\u0119dzy innymi we wczesnym wykrywaniu osuwania. W projekcie zaplanowano ich transgraniczny transfer ze S\u0142owacji do Polski. Z kolei partner polski posiada kompetencje technologiczne i dydaktyczne niedost\u0119pne dla strony s\u0142owackiej, kt\u00f3re r\u00f3wnie\u017c zostan\u0105 przekazane w toku projektu. Wsp\u00f3lne dzia\u0142anie jest niezb\u0119dne do realizacji projektu.<\/p>\n<div style=\"clear: both;\"><\/div>\n","protected":false},"excerpt":{"rendered":"<p>Partner wiod\u0105cy UNIWERSYTET \u015aL\u0104SKI W KATOWICACH Uniwersytet \u015al\u0105ski jest jedn\u0105 z najwi\u0119kszych polskich uczelni publicznych, kt\u00f3rej ogromny merytoryczny potencja\u0142 i przejrzysty podzia\u0142 administracyjny umo\u017cliwia pe\u0142nienie roli Partnera Wiod\u0105cego w projekcie. U\u015a dysponuje obszernymi zasobami w zakresie potencja\u0142u kadrowego, z do\u015bwiadczeniem w realizacji projekt\u00f3w finansowanych ze \u015brodk\u00f3w unijnych, kt\u00f3ry tworz\u0105 m.in. pracownicy Dzia\u0142\u00f3w Projekt\u00f3w i Ksi\u0119gowo\u015bci [&hellip;]<\/p>\n","protected":false},"author":2,"featured_media":0,"parent":0,"menu_order":0,"comment_status":"closed","ping_status":"closed","template":"","meta":{"footnotes":""},"acf":[],"_links":{"self":[{"href":"https:\/\/www.nowa-edu.us.edu.pl\/interreg\/wp-json\/wp\/v2\/pages\/24"}],"collection":[{"href":"https:\/\/www.nowa-edu.us.edu.pl\/interreg\/wp-json\/wp\/v2\/pages"}],"about":[{"href":"https:\/\/www.nowa-edu.us.edu.pl\/interreg\/wp-json\/wp\/v2\/types\/page"}],"author":[{"embeddable":true,"href":"https:\/\/www.nowa-edu.us.edu.pl\/interreg\/wp-json\/wp\/v2\/users\/2"}],"replies":[{"embeddable":true,"href":"https:\/\/www.nowa-edu.us.edu.pl\/interreg\/wp-json\/wp\/v2\/comments?post=24"}],"version-history":[{"count":10,"href":"https:\/\/www.nowa-edu.us.edu.pl\/interreg\/wp-json\/wp\/v2\/pages\/24\/revisions"}],"predecessor-version":[{"id":490,"href":"https:\/\/www.nowa-edu.us.edu.pl\/interreg\/wp-json\/wp\/v2\/pages\/24\/revisions\/490"}],"wp:attachment":[{"href":"https:\/\/www.nowa-edu.us.edu.pl\/interreg\/wp-json\/wp\/v2\/media?parent=24"}],"curies":[{"name":"wp","href":"https:\/\/api.w.org\/{rel}","templated":true}]}}