{"id":178,"date":"2021-02-07T15:56:54","date_gmt":"2021-02-07T15:56:54","guid":{"rendered":"https:\/\/www.nowa-edu.us.edu.pl\/interreg\/?page_id=178"},"modified":"2021-02-08T19:18:28","modified_gmt":"2021-02-08T19:18:28","slug":"podsumowanie-projektu-publikacja","status":"publish","type":"page","link":"https:\/\/www.nowa-edu.us.edu.pl\/interreg\/podsumowanie-projektu-publikacja\/","title":{"rendered":"Podsumowanie projektu &#8211; publikacja"},"content":{"rendered":"<p>Podstrona b\u0119dzie wype\u0142niania informacjami gdy projekt b\u0119dzie dobiega\u0142 ko\u0144ca i powstanie publikacja podsumowuj\u0105ca projekt<\/p>\n","protected":false},"excerpt":{"rendered":"<p>Podstrona b\u0119dzie wype\u0142niania informacjami gdy projekt b\u0119dzie dobiega\u0142 ko\u0144ca i powstanie publikacja podsumowuj\u0105ca projekt<\/p>\n","protected":false},"author":2,"featured_media":0,"parent":0,"menu_order":0,"comment_status":"closed","ping_status":"closed","template":"","meta":{"footnotes":""},"acf":[],"_links":{"self":[{"href":"https:\/\/www.nowa-edu.us.edu.pl\/interreg\/wp-json\/wp\/v2\/pages\/178"}],"collection":[{"href":"https:\/\/www.nowa-edu.us.edu.pl\/interreg\/wp-json\/wp\/v2\/pages"}],"about":[{"href":"https:\/\/www.nowa-edu.us.edu.pl\/interreg\/wp-json\/wp\/v2\/types\/page"}],"author":[{"embeddable":true,"href":"https:\/\/www.nowa-edu.us.edu.pl\/interreg\/wp-json\/wp\/v2\/users\/2"}],"replies":[{"embeddable":true,"href":"https:\/\/www.nowa-edu.us.edu.pl\/interreg\/wp-json\/wp\/v2\/comments?post=178"}],"version-history":[{"count":6,"href":"https:\/\/www.nowa-edu.us.edu.pl\/interreg\/wp-json\/wp\/v2\/pages\/178\/revisions"}],"predecessor-version":[{"id":462,"href":"https:\/\/www.nowa-edu.us.edu.pl\/interreg\/wp-json\/wp\/v2\/pages\/178\/revisions\/462"}],"wp:attachment":[{"href":"https:\/\/www.nowa-edu.us.edu.pl\/interreg\/wp-json\/wp\/v2\/media?parent=178"}],"curies":[{"name":"wp","href":"https:\/\/api.w.org\/{rel}","templated":true}]}}