{"id":133,"date":"2021-02-02T15:04:24","date_gmt":"2021-02-02T15:04:24","guid":{"rendered":"https:\/\/www.nowa-edu.us.edu.pl\/interreg\/?page_id=133"},"modified":"2021-02-08T09:00:36","modified_gmt":"2021-02-08T09:00:36","slug":"cele-projektu","status":"publish","type":"page","link":"https:\/\/www.nowa-edu.us.edu.pl\/interreg\/cele-projektu\/","title":{"rendered":"Cele projektu"},"content":{"rendered":"<p><strong>Cel projektu<\/strong><\/p>\n<p>Podniesienie jako\u015bci i r\u00f3\u017cnorodno\u015bci kszta\u0142cenia zawodowego (w szko\u0142ach ponadpodstawowych, wy\u017cszych i szko\u0142ach dla doros\u0142ych) na obszarze wsparcia poprzez upowszechnienie wiedzy i umiej\u0119tno\u015bci praktycznych z zakresu obs\u0142ugi nowoczesnych technologii \u015brodowiskowych dla przeciwdzia\u0142ania zagro\u017ceniom \u015brodowiskowym, w tym upowszechnienie wypracowanej w projekcie propozycji nowych, specjalistycznych program\u00f3w kszta\u0142cenia w zawodzie technik\/in\u017cynier zagro\u017ce\u0144 \u015brodowiskowych.<\/p>\n<p><strong>Cele szczeg\u00f3\u0142owe<\/strong><\/p>\n<p>1. Opracowanie program\u00f3w kszta\u0142cenia w zawodzie technik\/in\u017cynier zagro\u017ce\u0144 \u015brodowiskowych<br \/>\n2. Wyszkolenie grup docelowych w zakresie nowoczesnych technologii \u015brodowiskowych<br \/>\n3. Transfer wiedzy eksperckiej w celu nabycia niedost\u0119pnych dot\u0105d dla partner\u00f3w kompetencji<\/p>\n","protected":false},"excerpt":{"rendered":"<p>Cel projektu Podniesienie jako\u015bci i r\u00f3\u017cnorodno\u015bci kszta\u0142cenia zawodowego (w szko\u0142ach ponadpodstawowych, wy\u017cszych i szko\u0142ach dla doros\u0142ych) na obszarze wsparcia poprzez upowszechnienie wiedzy i umiej\u0119tno\u015bci praktycznych z zakresu obs\u0142ugi nowoczesnych technologii \u015brodowiskowych dla przeciwdzia\u0142ania zagro\u017ceniom \u015brodowiskowym, w tym upowszechnienie wypracowanej w projekcie propozycji nowych, specjalistycznych program\u00f3w kszta\u0142cenia w zawodzie technik\/in\u017cynier zagro\u017ce\u0144 \u015brodowiskowych. Cele szczeg\u00f3\u0142owe 1. Opracowanie [&hellip;]<\/p>\n","protected":false},"author":2,"featured_media":0,"parent":0,"menu_order":0,"comment_status":"closed","ping_status":"closed","template":"","meta":{"footnotes":""},"acf":[],"_links":{"self":[{"href":"https:\/\/www.nowa-edu.us.edu.pl\/interreg\/wp-json\/wp\/v2\/pages\/133"}],"collection":[{"href":"https:\/\/www.nowa-edu.us.edu.pl\/interreg\/wp-json\/wp\/v2\/pages"}],"about":[{"href":"https:\/\/www.nowa-edu.us.edu.pl\/interreg\/wp-json\/wp\/v2\/types\/page"}],"author":[{"embeddable":true,"href":"https:\/\/www.nowa-edu.us.edu.pl\/interreg\/wp-json\/wp\/v2\/users\/2"}],"replies":[{"embeddable":true,"href":"https:\/\/www.nowa-edu.us.edu.pl\/interreg\/wp-json\/wp\/v2\/comments?post=133"}],"version-history":[{"count":3,"href":"https:\/\/www.nowa-edu.us.edu.pl\/interreg\/wp-json\/wp\/v2\/pages\/133\/revisions"}],"predecessor-version":[{"id":248,"href":"https:\/\/www.nowa-edu.us.edu.pl\/interreg\/wp-json\/wp\/v2\/pages\/133\/revisions\/248"}],"wp:attachment":[{"href":"https:\/\/www.nowa-edu.us.edu.pl\/interreg\/wp-json\/wp\/v2\/media?parent=133"}],"curies":[{"name":"wp","href":"https:\/\/api.w.org\/{rel}","templated":true}]}}